{"id":7,"date":"2020-02-10T00:35:12","date_gmt":"2020-02-09T23:35:12","guid":{"rendered":"http:\/\/comkode.wogla.de\/?page_id=7"},"modified":"2022-11-30T18:28:42","modified_gmt":"2022-11-30T17:28:42","slug":"ueber-uns","status":"publish","type":"page","link":"http:\/\/comkode.wogla.de\/","title":{"rendered":"Startseite"},"content":{"rendered":"<p>[et_pb_section fb_built=&#8220;1&#8243; custom_padding_last_edited=&#8220;on|phone&#8220; _builder_version=&#8220;4.15.1&#8243; custom_margin=&#8220;0px||||false|false&#8220; custom_padding=&#8220;30px|1px|20px||false|false&#8220; custom_padding_tablet=&#8220;||9px||false|false&#8220; custom_padding_phone=&#8220;22px||0px||false|false&#8220; global_colors_info=&#8220;{}&#8220; theme_builder_area=&#8220;post_content&#8220;][et_pb_row _builder_version=&#8220;4.15.1&#8243; width=&#8220;100%&#8220; width_tablet=&#8220;84%&#8220; width_phone=&#8220;100%&#8220; width_last_edited=&#8220;off|tablet&#8220; custom_margin=&#8220;0px||||false|false&#8220; custom_padding=&#8220;0px||||false|false&#8220; global_colors_info=&#8220;{}&#8220; theme_builder_area=&#8220;post_content&#8220;][et_pb_column type=&#8220;4_4&#8243; _builder_version=&#8220;4.15&#8243; global_colors_info=&#8220;{}&#8220; theme_builder_area=&#8220;post_content&#8220;][et_pb_image src=&#8220;http:\/\/comkode.wogla.de\/wp-content\/uploads\/2020\/02\/Sungil-Yu.jpg&#8220; show_bottom_space=&#8220;off&#8220; align=&#8220;center&#8220; force_fullwidth=&#8220;on&#8220; _builder_version=&#8220;4.15.1&#8243; width_last_edited=&#8220;off|desktop&#8220; module_alignment=&#8220;center&#8220; custom_margin=&#8220;|0px||0px|false|false&#8220; custom_padding=&#8220;|0px||0px|false|false&#8220; global_colors_info=&#8220;{}&#8220; theme_builder_area=&#8220;post_content&#8220;][\/et_pb_image][et_pb_text content_tablet=&#8220;<\/p>\n<h2>Zwischen den Kulturen.<br \/>Zwischen den Zeilen.<\/h2>\n<p>&#8220; content_phone=&#8220;<\/p>\n<h2>Zwischen den Kulturen.<br \/>Zwischen den Zeilen.<\/h2>\n<p>&#8220; content_last_edited=&#8220;on|desktop&#8220; _builder_version=&#8220;4.15.1&#8243; text_text_color=&#8220;#000000&#8243; header_2_font=&#8220;|300|on||||||&#8220; header_2_font_size=&#8220;36px&#8220; header_2_letter_spacing=&#8220;0.5px&#8220; header_2_line_height=&#8220;1.4em&#8220; width=&#8220;86%&#8220; module_alignment=&#8220;center&#8220; custom_margin=&#8220;0px||10px||false|false&#8220; custom_padding=&#8220;30px||||false|false&#8220; custom_padding_tablet=&#8220;30px||||false|false&#8220; custom_padding_phone=&#8220;23px||0px||false|false&#8220; custom_padding_last_edited=&#8220;on|phone&#8220; header_2_font_size_tablet=&#8220;34px&#8220; header_2_font_size_phone=&#8220;25px&#8220; header_2_font_size_last_edited=&#8220;on|phone&#8220; global_colors_info=&#8220;{}&#8220; theme_builder_area=&#8220;post_content&#8220;]<\/p>\n<h2>Zwischen den Kulturen.<br \/>Zwischen den Zeilen.<\/h2>\n<p>[\/et_pb_text][et_pb_text _builder_version=&#8220;4.15.1&#8243; text_text_color=&#8220;#000000&#8243; width=&#8220;86%&#8220; module_alignment=&#8220;center&#8220; global_colors_info=&#8220;{}&#8220; theme_builder_area=&#8220;post_content&#8220;]<\/p>\n<p>Interkulturelle Kommunikation kennt viele Facetten. \u00dcberall dort, wo Kulturen und Sprachen aufeinander treffen, gilt es mit Fingerspitzengef\u00fchl und Stilsicherheit genau auf den Punkt zu bringen, was \u201edes Pudels Kern\u201c ist und wo \u201eder Hase im Pfeffer liegt\u201c.<\/p>\n<p>Was im ungezwungenen Dialog das Eis lockert, zwischen Kulturen vermittelt und Verbindung schafft, kann im wirtschaftlich-technischen Bereich durchaus eine Herausforderung sein. Eine Herausforderung, der ich mich gemeinsam mit Ihnen und Ihren Gesch\u00e4ftspartnern stelle:<br \/>Ob es um den Aufbau neuer Gesch\u00e4ftsbeziehungen, das \u00dcbersetzen technischer Daten und Manuals geht oder das vertrauliche Business-Meeting, mit dem wichtige Weichen gestellt werden \u2013 Sie k\u00f6nnen auf meine Fachkompetenz und meine Diskretion z\u00e4hlen.<br \/>Als geb\u00fcrtige Koreanerin, die seit 25 Jahren in Deutschland lebt, bin ich in zwei Kulturen zuhause und auf akademischem Niveau sprachfest. Seit 2000 \u00fcbersetze und dolmetsche ich f\u00fcr verschiedene Unternehmen im wirtschaftlichen, wissenschaftlichen und politischen Bereich.<\/p>\n<p>[\/et_pb_text][\/et_pb_column][\/et_pb_row][\/et_pb_section]<\/p>\n","protected":false},"excerpt":{"rendered":"<p>Zwischen den Kulturen.Zwischen den Zeilen.Interkulturelle Kommunikation kennt viele Facetten. \u00dcberall dort, wo Kulturen und Sprachen aufeinander treffen, gilt es mit Fingerspitzengef\u00fchl und Stilsicherheit genau auf den Punkt zu bringen, was \u201edes Pudels Kern\u201c ist und wo \u201eder Hase im Pfeffer liegt\u201c. Was im ungezwungenen Dialog das Eis lockert, zwischen Kulturen vermittelt und Verbindung schafft, kann [&hellip;]<\/p>\n","protected":false},"author":1,"featured_media":0,"parent":0,"menu_order":0,"comment_status":"closed","ping_status":"closed","template":"","meta":{"_et_pb_use_builder":"on","_et_pb_old_content":"<!-- wp:paragraph -->\n<p>M\u00f6glicherweise bist du k\u00fcnstlerisch t\u00e4tig und m\u00f6chtest dich und deine Arbeiten hier vorstellen. Oder hast du vielleicht ein Business mit einer Mission, die es zu beschreiben gilt?<\/p>\n<!-- \/wp:paragraph -->","_et_gb_content_width":""},"_links":{"self":[{"href":"http:\/\/comkode.wogla.de\/index.php?rest_route=\/wp\/v2\/pages\/7"}],"collection":[{"href":"http:\/\/comkode.wogla.de\/index.php?rest_route=\/wp\/v2\/pages"}],"about":[{"href":"http:\/\/comkode.wogla.de\/index.php?rest_route=\/wp\/v2\/types\/page"}],"author":[{"embeddable":true,"href":"http:\/\/comkode.wogla.de\/index.php?rest_route=\/wp\/v2\/users\/1"}],"replies":[{"embeddable":true,"href":"http:\/\/comkode.wogla.de\/index.php?rest_route=%2Fwp%2Fv2%2Fcomments&post=7"}],"version-history":[{"count":21,"href":"http:\/\/comkode.wogla.de\/index.php?rest_route=\/wp\/v2\/pages\/7\/revisions"}],"predecessor-version":[{"id":218,"href":"http:\/\/comkode.wogla.de\/index.php?rest_route=\/wp\/v2\/pages\/7\/revisions\/218"}],"wp:attachment":[{"href":"http:\/\/comkode.wogla.de\/index.php?rest_route=%2Fwp%2Fv2%2Fmedia&parent=7"}],"curies":[{"name":"wp","href":"https:\/\/api.w.org\/{rel}","templated":true}]}}